{"id":9,"date":"2025-11-10T19:14:49","date_gmt":"2025-11-10T19:14:49","guid":{"rendered":"https:\/\/sep1.opole.pl\/?page_id=9"},"modified":"2025-11-10T23:02:47","modified_gmt":"2025-11-10T23:02:47","slug":"historia","status":"publish","type":"page","link":"https:\/\/sep1.opole.pl\/index.php\/historia\/","title":{"rendered":"Historia"},"content":{"rendered":"\n<p><strong>HISTORIA<\/strong><\/p>\n\n\n\n<p><strong>Ko\u0142o SEP nr <\/strong>1<strong> przy TAURON Dystrybucja S.A. Oddzia\u0142 w Opolu<\/strong><\/p>\n\n\n\n<div style=\"height:35px\" aria-hidden=\"true\" class=\"wp-block-spacer\"><\/div>\n\n\n\n<div class=\"wp-block-media-text is-stacked-on-mobile\"><figure class=\"wp-block-media-text__media\"><a href=\"https:\/\/sep1.opole.pl\/wp-content\/uploads\/2025\/11\/Obrazek-siedziba-Kola-nr-1-SEP.png\"><img loading=\"lazy\" decoding=\"async\" width=\"555\" height=\"564\" src=\"https:\/\/sep1.opole.pl\/wp-content\/uploads\/2025\/11\/Obrazek-siedziba-Kola-nr-1-SEP.png\" alt=\"\" class=\"wp-image-31 size-full\" srcset=\"https:\/\/sep1.opole.pl\/wp-content\/uploads\/2025\/11\/Obrazek-siedziba-Kola-nr-1-SEP.png 555w, https:\/\/sep1.opole.pl\/wp-content\/uploads\/2025\/11\/Obrazek-siedziba-Kola-nr-1-SEP-295x300.png 295w\" sizes=\"auto, (max-width: 555px) 100vw, 555px\" \/><\/a><\/figure><div class=\"wp-block-media-text__content\">\n<p class=\"has-white-color has-text-color has-link-color wp-elements-ca1a29ad4809f86703921bc811f014d7\">Ko\u0142o nr 1 powsta\u0142o w dniu 10 kwietnia 1951 roku, po utworzeniu w Opolu Zak\u0142adu Sieci Elektrycznych w wyniku podzia\u0142u OSSO (Okr\u0119gowe Sieci \u015al\u0105ska Opolskiego) w Nysie na dwa odr\u0119bne podokr\u0119gi z siedzibami w Nysie i Opolu oraz po przeniesieniu Oddzia\u0142u Opolskiego SEP z Nysy do Opola.<\/p>\n<\/div><\/div>\n\n\n\n<p><\/p>\n\n\n\n<p>W sk\u0142ad Ko\u0142a weszli cz\u0142onkowie SEP zamieszkali w Opolu i na terenie dzia\u0142ania ZSE, p\u00f3\u017aniejszego Zak\u0142adu Energetycznego Opole. Ko\u0142o liczy\u0142o 12 cz\u0142onk\u00f3w. W pocz\u0105tkowym okresie cz\u0142onkowie Ko\u0142a stanowili trzon Zarz\u0105du Oddzia\u0142u Opolskiego SEP i kierowali dzia\u0142alno\u015bci\u0105 Oddzia\u0142u.<\/p>\n\n\n\n<p>Prezesami Ko\u0142a SEP przy Zak\u0142adzie Energetycznym Opole (obecnie przy TAURON Dystrybucja S.A. Oddzia\u0142 w Opolu) od chwili jego powstania byli w poszczeg\u00f3lnych latach:<\/p>\n\n\n\n<p>1951 \u2013 1952 Wojciech Rzany<\/p>\n\n\n\n<p>1952 \u2013 1954 Henryk Dobrowolski<\/p>\n\n\n\n<p>1955 \u2013 1956 Jerzy Mainka<\/p>\n\n\n\n<p>1956 \u2013 1957 Edward Pospiszyl<\/p>\n\n\n\n<p>1958 \u2013 1959 Andrzej Pie\u0144kowski<\/p>\n\n\n\n<p>1959 \u2013 1960 Stanis\u0142aw Kowalski<\/p>\n\n\n\n<p>1960 \u2013 1961 Kazimierz Opa\u0142ko<\/p>\n\n\n\n<p>1961 \u2013 1962 Stanis\u0142aw B\u0105czykowski<\/p>\n\n\n\n<p>1962 \u2013 1963 Karol Wojtynek<\/p>\n\n\n\n<p>1963 \u2013 1964 Jan Bator<\/p>\n\n\n\n<p>1965 \u2013 1968 Jerzy Mainka<\/p>\n\n\n\n<p>1968 \u2013 1977 Dominik Ku\u017ami\u0144ski<\/p>\n\n\n\n<p>1978 \u2013 1984 Karol \u0141\u0119gowski<\/p>\n\n\n\n<p>1984 \u2013 1993 Marian Kraus<\/p>\n\n\n\n<p>1994 \u2013 1997 Leszek Kosiorek<\/p>\n\n\n\n<p>1998 \u2013 2002 Leszek Kosiorek<\/p>\n\n\n\n<p>2002 \u2013 2006 Leszek Kosiorek<\/p>\n\n\n\n<p>2006 \u2013 2010 Andrzej Jastrz\u0105b<\/p>\n\n\n\n<p>2010 \u2013 2014 Andrzej Jastrz\u0105b<\/p>\n\n\n\n<p>2014 \u2013 2018 Andrzej Jastrz\u0105b<\/p>\n\n\n\n<p>2018 \u2013 2022 Andrzej Jastrz\u0105b<\/p>\n\n\n\n<p>2022 \u2013 obecnie Henryk Tarczy\u0144ski<\/p>\n\n\n\n<p>W roku 1961 Ko\u0142o by\u0142o organizatorem Og\u00f3lnokrajowej Narady Kierownik\u00f3w Rejon\u00f3w Energetycznych, w roku 1964 Og\u00f3lnopolskiej Narady w sprawie gospodarki olejowej, w roku 1971 Wojew\u00f3dzkiej Narady w sprawie ochrony przeciwpo\u017carowej przy urz\u0105dzeniach do 1kV oraz ekspozycji energetyki na wystawie \u201eOpolszczyzna 25\u201d, w roku 1972 ekspozycji energetyki na wystawie \u201ePost\u0119p 72\u201d.<\/p>\n\n\n\n<p>W latach 70. I 80. cz\u0142onkowie Ko\u0142a zaliczali si\u0119 do najaktywniejszych racjonalizator\u00f3w i dzia\u0142aczy ruchu wynalazczego. W latach tych Ko\u0142o SEP przy Zak\u0142adzie Energetycznym Opole urz\u0105dza\u0142o w karnawale coroczne bale SEP-owca, z licznym udzia\u0142em kole\u017canek i koleg\u00f3w oraz ich rodzin. Bale te wyr\u00f3\u017cnia\u0142y si\u0119 bardzo przyjemn\u0105 i kole\u017ce\u0144sk\u0105 atmosfer\u0105 i s\u0105 mile wspominane przez uczestnik\u00f3w.<\/p>\n\n\n\n<div style=\"height:35px\" aria-hidden=\"true\" class=\"wp-block-spacer\"><\/div>\n\n\n\n<div class=\"wp-block-media-text is-stacked-on-mobile\" style=\"grid-template-columns:60% auto\"><figure class=\"wp-block-media-text__media\"><a href=\"https:\/\/sep1.opole.pl\/wp-content\/uploads\/2025\/11\/Duszniki.jpg\"><img loading=\"lazy\" decoding=\"async\" width=\"1024\" height=\"683\" src=\"https:\/\/sep1.opole.pl\/wp-content\/uploads\/2025\/11\/Duszniki-1024x683.jpg\" alt=\"\" class=\"wp-image-113 size-full\" srcset=\"https:\/\/sep1.opole.pl\/wp-content\/uploads\/2025\/11\/Duszniki-1024x683.jpg 1024w, https:\/\/sep1.opole.pl\/wp-content\/uploads\/2025\/11\/Duszniki-300x200.jpg 300w, https:\/\/sep1.opole.pl\/wp-content\/uploads\/2025\/11\/Duszniki-768x512.jpg 768w, https:\/\/sep1.opole.pl\/wp-content\/uploads\/2025\/11\/Duszniki.jpg 1248w\" sizes=\"auto, (max-width: 1024px) 100vw, 1024px\" \/><\/a><\/figure><div class=\"wp-block-media-text__content\">\n<p class=\"has-white-color has-text-color has-link-color wp-elements-c2e215a6802cea45cc2ee6768c0b4260\">Popularno\u015bci\u0105 cieszy\u0142y si\u0119 organizowane przez Ko\u0142o jesienne imprezy pod nazw\u0105 \u201ePieczenie ziemniak\u00f3w\u201d, kt\u00f3re odbywa\u0142y si\u0119 w plenerze, w r\u00f3\u017cnych le\u015bnicz\u00f3wkach lub o\u015brodkach wczasowych.<\/p>\n<\/div><\/div>\n\n\n\n<p>Ko\u0142o SEP nr 1 na wycieczce w Dusznikach \u2013 lata 70-te<\/p>\n\n\n\n<p><strong>Historia najnowsza<\/strong><\/p>\n\n\n\n<p><strong>Wizyty w zak\u0142adach produkcyjnych:<\/strong><\/p>\n\n\n\n<ul class=\"wp-block-list\">\n<li>2012 &#8211; ETI Izlake (S\u0142owenia)<\/li>\n\n\n\n<li>2013 \u2013 ABB Brno (Czechy)<\/li>\n\n\n\n<li>2022 \u2013 Tavrida Electric Tallin (Estonia)<\/li>\n\n\n\n<li>2025 \u2013 ZPUE S.A. W\u0142oszczowa (Polska)<\/li>\n<\/ul>\n\n\n\n<p><strong>Wyjazdy turystyczne:<\/strong><\/p>\n\n\n\n<ul class=\"wp-block-list\">\n<li>2012 \u2013 Chorwacja<\/li>\n\n\n\n<li>2013 \u2013 W\u0142ochy<\/li>\n\n\n\n<li>2015 \u2013 Kraje Beneluksu: Belgia, Holandia, Luksemburg<\/li>\n\n\n\n<li>2018 \u2013 Rumunia<\/li>\n\n\n\n<li>2022 \u2013 Via Baltica: Litwa, \u0141otwa, Estonia + Helsinki<\/li>\n\n\n\n<li>2023 \u2013 Czeska Szwajcaria \u2013 Drezno \u2013 Szwajcaria Sakso\u0144ska<\/li>\n\n\n\n<li>2025 \u2013 Karpacz \u2013 Szklarska Por\u0119ba<\/li>\n<\/ul>\n","protected":false},"excerpt":{"rendered":"<p>HISTORIA Ko\u0142o SEP nr 1 przy TAURON Dystrybucja S.A. Oddzia\u0142 w Opolu Ko\u0142o nr 1 powsta\u0142o w dniu 10 kwietnia 1951 roku, po utworzeniu w Opolu Zak\u0142adu Sieci Elektrycznych w wyniku podzia\u0142u OSSO (Okr\u0119gowe Sieci \u015al\u0105ska Opolskiego) w Nysie na dwa odr\u0119bne podokr\u0119gi z siedzibami w Nysie i Opolu oraz po przeniesieniu Oddzia\u0142u Opolskiego SEP [&hellip;]<\/p>\n","protected":false},"author":1,"featured_media":0,"parent":0,"menu_order":0,"comment_status":"closed","ping_status":"closed","template":"","meta":{"footnotes":""},"class_list":["post-9","page","type-page","status-publish","hentry"],"_links":{"self":[{"href":"https:\/\/sep1.opole.pl\/index.php\/wp-json\/wp\/v2\/pages\/9","targetHints":{"allow":["GET"]}}],"collection":[{"href":"https:\/\/sep1.opole.pl\/index.php\/wp-json\/wp\/v2\/pages"}],"about":[{"href":"https:\/\/sep1.opole.pl\/index.php\/wp-json\/wp\/v2\/types\/page"}],"author":[{"embeddable":true,"href":"https:\/\/sep1.opole.pl\/index.php\/wp-json\/wp\/v2\/users\/1"}],"replies":[{"embeddable":true,"href":"https:\/\/sep1.opole.pl\/index.php\/wp-json\/wp\/v2\/comments?post=9"}],"version-history":[{"count":8,"href":"https:\/\/sep1.opole.pl\/index.php\/wp-json\/wp\/v2\/pages\/9\/revisions"}],"predecessor-version":[{"id":168,"href":"https:\/\/sep1.opole.pl\/index.php\/wp-json\/wp\/v2\/pages\/9\/revisions\/168"}],"wp:attachment":[{"href":"https:\/\/sep1.opole.pl\/index.php\/wp-json\/wp\/v2\/media?parent=9"}],"curies":[{"name":"wp","href":"https:\/\/api.w.org\/{rel}","templated":true}]}}