{"id":8,"date":"2025-11-10T19:14:49","date_gmt":"2025-11-10T19:14:49","guid":{"rendered":"https:\/\/sep1.opole.pl\/?page_id=8"},"modified":"2026-04-20T20:25:51","modified_gmt":"2026-04-20T20:25:51","slug":"zarzad-kola","status":"publish","type":"page","link":"https:\/\/sep1.opole.pl\/index.php\/zarzad-kola\/","title":{"rendered":"Zarz\u0105d ko\u0142a"},"content":{"rendered":"\n<p class=\"has-medium-font-size\"><strong>Zarz\u0105d Ko\u0142a nr 1 SEP w kadencji 2026-2030<\/strong><\/p>\n\n\n\n<hr class=\"wp-block-separator has-text-color has-white-color has-alpha-channel-opacity has-white-background-color has-background is-style-wide\"\/>\n\n\n\n<p><strong>Prezes<\/strong><\/p>\n\n\n\n<p>Kol. Henryk Tarczy\u0144ski<\/p>\n\n\n\n<p><br><strong>Wiceprezes&nbsp;<\/strong><\/p>\n\n\n\n<p>Kol. Bartosz Suchecki<br><br><strong>Sekretarz<\/strong><\/p>\n\n\n\n<p>Kol. Krzysztof Og\u00f3rek<\/p>\n\n\n\n<p><strong><br>Skarbnik<\/strong><\/p>\n\n\n\n<p>Kol. Przemys\u0142aw Wyszy\u0144ski<\/p>\n\n\n\n<p><br><strong>Cz\u0142onkowie Zarz\u0105du<\/strong><\/p>\n\n\n\n<p>Kol. Artur Wlosz<\/p>\n\n\n\n<p>Kol. Bogus\u0142aw Szostak<\/p>\n\n\n\n<p><br><strong>Komisja Rewizyjna<\/strong><\/p>\n\n\n\n<p>Kol. Miros\u0142aw Parzybut \u2013 Przewodnicz\u0105cy Komisji Rewizyjnej<\/p>\n\n\n\n<p>Kol. Adam Bracha \u2013 Sekretarz Komisji Rewizyjnej<\/p>\n\n\n\n<p>Kol. Eugeniusz Palka \u2013 Cz\u0142onek Komisji<\/p>\n","protected":false},"excerpt":{"rendered":"<p>Zarz\u0105d Ko\u0142a nr 1 SEP w kadencji 2026-2030 Prezes Kol. Henryk Tarczy\u0144ski Wiceprezes&nbsp; Kol. Bartosz Suchecki Sekretarz Kol. Krzysztof Og\u00f3rek Skarbnik Kol. Przemys\u0142aw Wyszy\u0144ski Cz\u0142onkowie Zarz\u0105du Kol. Artur Wlosz Kol. Bogus\u0142aw Szostak Komisja Rewizyjna Kol. Miros\u0142aw Parzybut \u2013 Przewodnicz\u0105cy Komisji Rewizyjnej Kol. Adam Bracha \u2013 Sekretarz Komisji Rewizyjnej Kol. Eugeniusz Palka \u2013 Cz\u0142onek Komisji<\/p>\n","protected":false},"author":1,"featured_media":0,"parent":0,"menu_order":0,"comment_status":"closed","ping_status":"closed","template":"","meta":{"footnotes":""},"class_list":["post-8","page","type-page","status-publish","hentry"],"_links":{"self":[{"href":"https:\/\/sep1.opole.pl\/index.php\/wp-json\/wp\/v2\/pages\/8","targetHints":{"allow":["GET"]}}],"collection":[{"href":"https:\/\/sep1.opole.pl\/index.php\/wp-json\/wp\/v2\/pages"}],"about":[{"href":"https:\/\/sep1.opole.pl\/index.php\/wp-json\/wp\/v2\/types\/page"}],"author":[{"embeddable":true,"href":"https:\/\/sep1.opole.pl\/index.php\/wp-json\/wp\/v2\/users\/1"}],"replies":[{"embeddable":true,"href":"https:\/\/sep1.opole.pl\/index.php\/wp-json\/wp\/v2\/comments?post=8"}],"version-history":[{"count":5,"href":"https:\/\/sep1.opole.pl\/index.php\/wp-json\/wp\/v2\/pages\/8\/revisions"}],"predecessor-version":[{"id":319,"href":"https:\/\/sep1.opole.pl\/index.php\/wp-json\/wp\/v2\/pages\/8\/revisions\/319"}],"wp:attachment":[{"href":"https:\/\/sep1.opole.pl\/index.php\/wp-json\/wp\/v2\/media?parent=8"}],"curies":[{"name":"wp","href":"https:\/\/api.w.org\/{rel}","templated":true}]}}