{"id":45,"date":"2025-11-10T19:54:52","date_gmt":"2025-11-10T19:54:52","guid":{"rendered":"https:\/\/sep1.opole.pl\/?page_id=45"},"modified":"2025-11-11T08:57:22","modified_gmt":"2025-11-11T08:57:22","slug":"strona-glowna","status":"publish","type":"page","link":"https:\/\/sep1.opole.pl\/","title":{"rendered":"Strona g\u0142\u00f3wna"},"content":{"rendered":"\n<div class=\"wp-block-media-text is-stacked-on-mobile\" style=\"grid-template-columns:46% auto\"><figure class=\"wp-block-media-text__media\"><a href=\"https:\/\/sep1.opole.pl\/wp-content\/uploads\/2025\/11\/tauron1.jpg\"><img loading=\"lazy\" decoding=\"async\" width=\"1024\" height=\"614\" src=\"https:\/\/sep1.opole.pl\/wp-content\/uploads\/2025\/11\/tauron1-1024x614.jpg\" alt=\"\" class=\"wp-image-194 size-full\" srcset=\"https:\/\/sep1.opole.pl\/wp-content\/uploads\/2025\/11\/tauron1-1024x614.jpg 1024w, https:\/\/sep1.opole.pl\/wp-content\/uploads\/2025\/11\/tauron1-300x180.jpg 300w, https:\/\/sep1.opole.pl\/wp-content\/uploads\/2025\/11\/tauron1-768x461.jpg 768w, https:\/\/sep1.opole.pl\/wp-content\/uploads\/2025\/11\/tauron1-1536x922.jpg 1536w, https:\/\/sep1.opole.pl\/wp-content\/uploads\/2025\/11\/tauron1.jpg 1920w\" sizes=\"auto, (max-width: 1024px) 100vw, 1024px\" \/><\/a><\/figure><div class=\"wp-block-media-text__content\">\n<p class=\"has-white-color has-text-color has-link-color wp-elements-af5e53054beef3687b27fdfa0741aaca\"><strong>Stowarzyszenie Elektryk\u00f3w Polskich<\/strong> (SEP) jest polsk\u0105 organizacj\u0105 pozarz\u0105dow\u0105 integruj\u0105c\u0105 \u015brodowisko elektryk\u00f3w polskiego pochodzenia z ca\u0142ego \u015bwiata. Dzi\u0119ki otwartej formule cz\u0142onkostwa zrzesza ono zar\u00f3wno in\u017cynier\u00f3w, technik\u00f3w oraz przysz\u0142ych adept\u00f3w elektryki (student\u00f3w, uczni\u00f3w technik\u00f3w i szk\u00f3\u0142 zawodowych).<\/p>\n<\/div><\/div>\n\n\n\n<p><strong>Nadrz\u0119dnym zadaniem Stowarzyszenia<\/strong> jest podnoszenie wiedzy technicznej w zakresie szeroko rozumianej elektryki, oddzia\u0142ywanie na \u015brodowisko elektryk\u00f3w i jego integracj\u0119, dbanie o etyk\u0119 zawodow\u0105 oraz udzielanie pomocy zwi\u0105zanej z wdra\u017caniem nowoczesnych technologii i przepis\u00f3w. Tak\u017ce dzia\u0142anie na rzecz swoich cz\u0142onk\u00f3w.<\/p>\n\n\n\n<p><strong>Ko\u0142o nr 1 SEP przy TAURON Dystrybucja S.A. Oddzia\u0142 w Opolu<\/strong> jest najwi\u0119kszym Ko\u0142em w Oddziale Opolskim SEP. Ko\u0142o prowadzi dzia\u0142alno\u015b\u0107 statutow\u0105 w postaci odczyt\u00f3w, szkole\u0144, wycieczek technicznych, spotka\u0144 towarzyskich cz\u0142onk\u00f3w Ko\u0142a czy pomocy przy organizacji Opolskich Dni Elektryki rokrocznie odbywaj\u0105cych si\u0119 na Politechnice Opolskiej.<\/p>\n","protected":false},"excerpt":{"rendered":"<p>Stowarzyszenie Elektryk\u00f3w Polskich (SEP) jest polsk\u0105 organizacj\u0105 pozarz\u0105dow\u0105 integruj\u0105c\u0105 \u015brodowisko elektryk\u00f3w polskiego pochodzenia z ca\u0142ego \u015bwiata. Dzi\u0119ki otwartej formule cz\u0142onkostwa zrzesza ono zar\u00f3wno in\u017cynier\u00f3w, technik\u00f3w oraz przysz\u0142ych adept\u00f3w elektryki (student\u00f3w, uczni\u00f3w technik\u00f3w i szk\u00f3\u0142 zawodowych). Nadrz\u0119dnym zadaniem Stowarzyszenia jest podnoszenie wiedzy technicznej w zakresie szeroko rozumianej elektryki, oddzia\u0142ywanie na \u015brodowisko elektryk\u00f3w i jego integracj\u0119, dbanie [&hellip;]<\/p>\n","protected":false},"author":1,"featured_media":0,"parent":0,"menu_order":0,"comment_status":"closed","ping_status":"closed","template":"","meta":{"footnotes":""},"class_list":["post-45","page","type-page","status-publish","hentry"],"_links":{"self":[{"href":"https:\/\/sep1.opole.pl\/index.php\/wp-json\/wp\/v2\/pages\/45","targetHints":{"allow":["GET"]}}],"collection":[{"href":"https:\/\/sep1.opole.pl\/index.php\/wp-json\/wp\/v2\/pages"}],"about":[{"href":"https:\/\/sep1.opole.pl\/index.php\/wp-json\/wp\/v2\/types\/page"}],"author":[{"embeddable":true,"href":"https:\/\/sep1.opole.pl\/index.php\/wp-json\/wp\/v2\/users\/1"}],"replies":[{"embeddable":true,"href":"https:\/\/sep1.opole.pl\/index.php\/wp-json\/wp\/v2\/comments?post=45"}],"version-history":[{"count":4,"href":"https:\/\/sep1.opole.pl\/index.php\/wp-json\/wp\/v2\/pages\/45\/revisions"}],"predecessor-version":[{"id":200,"href":"https:\/\/sep1.opole.pl\/index.php\/wp-json\/wp\/v2\/pages\/45\/revisions\/200"}],"wp:attachment":[{"href":"https:\/\/sep1.opole.pl\/index.php\/wp-json\/wp\/v2\/media?parent=45"}],"curies":[{"name":"wp","href":"https:\/\/api.w.org\/{rel}","templated":true}]}}