{"id":11,"date":"2025-11-10T19:14:49","date_gmt":"2025-11-10T19:14:49","guid":{"rendered":"https:\/\/sep1.opole.pl\/?page_id=11"},"modified":"2025-11-11T08:31:32","modified_gmt":"2025-11-11T08:31:32","slug":"kontakt","status":"publish","type":"page","link":"https:\/\/sep1.opole.pl\/index.php\/kontakt\/","title":{"rendered":"Kontakt"},"content":{"rendered":"\n<p><strong>Adres do korespondencji:<\/strong><\/p>\n\n\n\n<p><strong>Ko\u0142o SEP nr 1 przy TAURON Dystrybucja S.A. Oddzia\u0142 w Opolu<\/strong><\/p>\n\n\n\n<p><a href=\"https:\/\/www.google.com\/maps\/place\/Ludwika+Wary\u0144skiego+1,+46-020+Opole\/@50.6712505,17.9227596,16.91z\/data=!4m15!1m8!3m7!1s0x47105307269a4fed:0xdc9e4b0b6576a37b!2sLudwika+Wary\u0144skiego+1,+46-020+Opole!3b1!8m2!3d50.6712561!4d17.9255067!16s%2Fg%2F11rd3gd4nh!3m5!1s0x47105307269a4fed:0xdc9e4b0b6576a37b!8m2!3d50.6712561!4d17.9255067!16s%2Fg%2F11rd3gd4nh?entry=ttu&amp;g_ep=EgoyMDI1MTEwNS4wIKXMDSoASAFQAw%3D%3D\" target=\"_blank\" rel=\"noreferrer noopener\">ul. Wary\u0144skiego 1<\/a><\/p>\n\n\n\n<p>45-047 Opole<\/p>\n\n\n\n<p><strong>Prezes Ko\u0142a<\/strong><\/p>\n\n\n\n<p>Kol. Henryk Tarczy\u0144ski<\/p>\n\n\n\n<p>tel. kom. + 48&nbsp;693 437 403<\/p>\n\n\n\n<p>e-mail: <a href=\"mailto:sep@sep1.opole.pl\" target=\"_blank\" rel=\"noreferrer noopener\">sep@sep1.opole.pl<\/a><\/p>\n\n\n\n<p><strong>Dokumenty finansowe nale\u017cy wystawia\u0107 na:<\/strong><\/p>\n\n\n\n<p>STOWARZYSZENIE ELEKTRYK\u00d3W POLSKICH<\/p>\n\n\n\n<p>00-050 Warszawa ul. \u015awi\u0119tokrzyska 14<\/p>\n\n\n\n<p>Oddzia\u0142 Opolski<\/p>\n\n\n\n<p>45-047 Opole ul. Katowicka 50<\/p>\n\n\n\n<p>NIP: 526-000-09-79<\/p>\n\n\n\n<p>Konto bankowe:<\/p>\n\n\n\n<p>PKO BP S.A. 45 1020 3668 0000 5602 0009 6545<\/p>\n\n\n\n<p><strong>Sk\u0142adki:<\/strong><\/p>\n\n\n\n<p>Dla cz\u0142onk\u00f3w zwyczajnych: <strong>13 z\u0142\/miesi\u0105c<\/strong><\/p>\n\n\n\n<p>Dla emeryt\u00f3w: <strong>6,5 z\u0142\/miesi\u0105c<\/strong><\/p>\n\n\n\n<p>Dla os\u00f3b chc\u0105cych op\u0142aca\u0107 sk\u0142adki \u2013 nr konta do wp\u0142at:<\/p>\n\n\n\n<p><strong>PKO BP S.A. 45 1020 3668 0000 5602 0009 6545<\/strong><\/p>\n\n\n\n<p>tytu\u0142 wp\u0142aty: <strong>K1 imi\u0119 nazwisko m-c (lub rok)<\/strong><\/p>\n","protected":false},"excerpt":{"rendered":"<p>Adres do korespondencji: Ko\u0142o SEP nr 1 przy TAURON Dystrybucja S.A. Oddzia\u0142 w Opolu ul. Wary\u0144skiego 1 45-047 Opole Prezes Ko\u0142a Kol. Henryk Tarczy\u0144ski tel. kom. + 48&nbsp;693 437 403 e-mail: sep@sep1.opole.pl Dokumenty finansowe nale\u017cy wystawia\u0107 na: STOWARZYSZENIE ELEKTRYK\u00d3W POLSKICH 00-050 Warszawa ul. \u015awi\u0119tokrzyska 14 Oddzia\u0142 Opolski 45-047 Opole ul. Katowicka 50 NIP: 526-000-09-79 Konto [&hellip;]<\/p>\n","protected":false},"author":1,"featured_media":0,"parent":0,"menu_order":0,"comment_status":"closed","ping_status":"closed","template":"","meta":{"footnotes":""},"class_list":["post-11","page","type-page","status-publish","hentry"],"_links":{"self":[{"href":"https:\/\/sep1.opole.pl\/index.php\/wp-json\/wp\/v2\/pages\/11","targetHints":{"allow":["GET"]}}],"collection":[{"href":"https:\/\/sep1.opole.pl\/index.php\/wp-json\/wp\/v2\/pages"}],"about":[{"href":"https:\/\/sep1.opole.pl\/index.php\/wp-json\/wp\/v2\/types\/page"}],"author":[{"embeddable":true,"href":"https:\/\/sep1.opole.pl\/index.php\/wp-json\/wp\/v2\/users\/1"}],"replies":[{"embeddable":true,"href":"https:\/\/sep1.opole.pl\/index.php\/wp-json\/wp\/v2\/comments?post=11"}],"version-history":[{"count":4,"href":"https:\/\/sep1.opole.pl\/index.php\/wp-json\/wp\/v2\/pages\/11\/revisions"}],"predecessor-version":[{"id":190,"href":"https:\/\/sep1.opole.pl\/index.php\/wp-json\/wp\/v2\/pages\/11\/revisions\/190"}],"wp:attachment":[{"href":"https:\/\/sep1.opole.pl\/index.php\/wp-json\/wp\/v2\/media?parent=11"}],"curies":[{"name":"wp","href":"https:\/\/api.w.org\/{rel}","templated":true}]}}